{"id":10921,"date":"2024-10-10T01:13:45","date_gmt":"2024-10-10T01:13:45","guid":{"rendered":"https:\/\/www.kruispuntengineering.nl\/vacature-elektrotechnisch-ingenieur\/"},"modified":"2026-04-09T13:44:16","modified_gmt":"2026-04-09T13:44:16","slug":"vacature-elektrotechnisch-ingenieur","status":"publish","type":"page","link":"https:\/\/www.kruispuntengineering.nl\/en\/werken-bij\/vacature-elektrotechnisch-ingenieur\/","title":{"rendered":"&#8211; Vacature elektrotechnisch ingenieur"},"content":{"rendered":"<div id=\"fws_69f4f309e8c64\"  data-column-margin=\"default\" data-midnight=\"dark\"  class=\"wpb_row vc_row-fluid vc_row\"  style=\"padding-top: 0px; padding-bottom: 0px; \"><div class=\"row-bg-wrap\" data-bg-animation=\"none\" data-bg-animation-delay=\"\" data-bg-overlay=\"false\"><div class=\"inner-wrap row-bg-layer\" ><div class=\"row-bg viewport-desktop\"  style=\"\"><\/div><\/div><\/div><div class=\"row_col_wrap_12 col span_12 dark left\">\n\t<div  class=\"vc_col-sm-12 wpb_column column_container vc_column_container col no-extra-padding inherit_tablet inherit_phone\"  data-padding-pos=\"all\" data-has-bg-color=\"false\" data-bg-color=\"\" data-bg-opacity=\"1\" data-animation=\"\" data-delay=\"0\" >\n\t\t<div class=\"vc_column-inner\" >\n\t\t\t<div class=\"wpb_wrapper\">\n\t\t\t\t\n<div class=\"wpb_text_column wpb_content_element\" >\n\t<h2>Vacature elektrotechnisch ingenieur bij Kruispunt Engineering<\/h2>\n<p>Ben jij een elektrotechnisch ingenieur op zoek naar een nieuwe uitdaging? Bij Kruispunt Engineering bieden we een unieke kans om te werken aan uitdagende projecten binnen diverse industrie\u00ebn, waaronder de machinebouw, voedselverwerking en procesindustrie. Als elektrotechnisch ingenieur bij ons bedrijf speel je een sleutelrol in het ontwerpen, ontwikkelen en implementeren van elektrische systemen voor machines en installaties.<\/p>\n<p>Wij zijn gespecialiseerd in mechanische, software en elektrische engineering, en we bieden onze klanten op maat gemaakte oplossingen die hen helpen om hun productieprocessen te optimaliseren. Ons team van ingenieurs werkt nauw samen om innovatieve, veilige en effici\u00ebnte oplossingen te bieden die voldoen aan de hoogste industriestandaarden. Als elektrotechnisch ingenieur maak je deel uit van een dynamisch team dat zich inzet voor technologische innovatie en klanttevredenheid.<\/p>\n<h2>Wat ga je doen?<\/h2>\n<p>Als elektrotechnisch ingenieur bij Kruispunt Engineering werk je aan een breed scala van projecten. Je bent verantwoordelijk voor het ontwerpen en ontwikkelen van de elektrische aansturing voor diverse technische systemen en machines. Je stelt technische specificaties op en maakt elektrische tekeningen met behulp van EPLAN. Daarnaast ben je betrokken bij het testen en implementeren van elektrische systemen en geef je technisch advies.<\/p>\n<p>Je werkt samen met een team van experts om oplossingen te ontwikkelen die naadloos aansluiten op de behoeften van onze klanten. Je taken omvatten het opstellen van technische specificaties, het uitvoeren van elektrotechnische analyses, en het co\u00f6rdineren van de installatie van elektrische componenten. Daarnaast werk je nauw samen met onze software- en mechanische engineers om ervoor te zorgen dat de elektrische systemen volledig ge\u00efntegreerd zijn met de overige machineonderdelen.<\/p>\n<h2>Waarom werken bij Kruispunt Engineering?<\/h2>\n<p>Bij Kruispunt Engineering geloven we in het bieden van groeimogelijkheden voor onze medewerkers. We investeren in persoonlijke ontwikkeling en bieden een stimulerende werkomgeving waarin je de ruimte krijgt om je technische vaardigheden verder te ontwikkelen. Als elektrotechnisch ingenieur krijg je de kans om te werken met de nieuwste technologie\u00ebn en methodologie\u00ebn binnen de machinebouw en industri\u00eble automatisering.<\/p>\n<p>Je komt te werken in een team van gedreven professionals die samenwerken aan innovatieve oplossingen voor complexe technische vraagstukken. Onze projecten vari\u00ebren van kleine optimalisaties tot grootschalige automatiseringsprojecten, wat betekent dat je altijd wordt uitgedaagd om nieuwe vaardigheden te ontwikkelen en je horizon te verbreden. Bij ons kun je rekenen op een afwisselende en dynamische functie waarin geen dag hetzelfde is.<\/p>\n<h2>Wat wij vragen<\/h2>\n<p>We zijn op zoek naar een elektrotechnisch ingenieur die proactief is en goed kan samenwerken in een multidisciplinair team. Daarnaast vragen we:<\/p>\n<ul>\n<li>Een afgeronde opleiding elektrotechniek of vergelijkbare richting (HBO of WO)<\/li>\n<li>Ervaring met elektrotechnische systemen in een industri\u00eble omgeving<\/li>\n<li>Kennis van de geldende normen en richtlijnen binnen elektrotechniek<\/li>\n<li>Goede communicatieve vaardigheden en de capaciteit om klantgerichte oplossingen te ontwikkelen<\/li>\n<li>Een probleemoplossende instelling en oog voor detail<\/li>\n<\/ul>\n<p>Ervaring met EPLAN of SEE Electrical is een pr\u00e9, evenals kennis van PLC-programmering en SCADA-systemen.<\/p>\n<h2>Wat wij bieden<\/h2>\n<p>Bij Kruispunt Engineering bieden we een goed salaris, afhankelijk van kennis en ervaring. Je krijgt de kans om te werken aan innovatieve projecten binnen een snelgroeiend bedrijf. We bieden flexibele werktijden en een informele werksfeer waarin samenwerking en innovatie centraal staan. Daarnaast krijg je de mogelijkheid om trainingen en cursussen te volgen om je verder te ontwikkelen binnen je vakgebied.<\/p>\n<p>Qua secundaire arbeidsvoorwaarden durven we te stellen dat we zeer flexibel zijn. We bieden de mogelijkheid om het aantal vakantiedagen naar eigen wens op te nemen of mee te nemen. Ook zijn we flexibel als het gaat om het maken en compenseren van overuren, het opnemen van onbetaald verlof of andere specifieke regelingen. Bij ons is alles bespreekbaar.<\/p>\n<h2>Solliciteer nu<\/h2>\n<p>Wil jij aan de slag als elektrotechnisch ingenieur bij Kruispunt Engineering? Stuur ons dan je CV en motivatiebrief via ons sollicitatieformulier. Of neem contact op met een van onze collega&#8217;s. We horen graag van je!<\/p>\n<\/div>\n\n\n\n\n\t\t\t<\/div> \n\t\t<\/div>\n\t<\/div> \n<\/div><\/div>\n\t\t<div id=\"fws_69f4f309e9f1c\"  data-column-margin=\"default\" data-midnight=\"dark\"  class=\"wpb_row vc_row-fluid vc_row\"  style=\"padding-top: 0px; padding-bottom: 0px; \"><div class=\"row-bg-wrap\" data-bg-animation=\"none\" data-bg-animation-delay=\"\" data-bg-overlay=\"false\"><div class=\"inner-wrap row-bg-layer\" ><div class=\"row-bg viewport-desktop\"  style=\"\"><\/div><\/div><\/div><div class=\"row_col_wrap_12 col span_12 dark left\">\n\t<div  class=\"vc_col-sm-6 wpb_column column_container vc_column_container col no-extra-padding inherit_tablet inherit_phone\"  data-padding-pos=\"all\" data-has-bg-color=\"false\" data-bg-color=\"\" data-bg-opacity=\"1\" data-animation=\"\" data-delay=\"0\" >\n\t\t<div class=\"vc_column-inner\" >\n\t\t\t<div class=\"wpb_wrapper\">\n\t\t\t\t\n\t<div class=\"wpb_gallery wpb_content_element clearfix\">\n\t\t<div class=\"wpb_wrapper\"><div class=\"wpb_gallery_slidesnectarslider_style\" data-onclick=\"link_no\" data-interval=\"5\"><div class=\"nectar-slider-wrap\" style=\"height: 400px\" data-image-rendering=\"default\" data-flexible-height=\"\" data-overall_style=\"classic\" data-button-styling=\"btn_with_count\" data-fullscreen=\"false\"  data-full-width=\"false\" data-parallax=\"false\" data-autorotate=\"5500\" id=\"ns-id-69f4f309eac7d\"><div class=\"swiper-container\" style=\"height: 400px\" data-loop=\"true\" data-height=\"400\" data-bullets=\"\" data-bullet_style=\"see_through\" data-arrows=\"true\" data-desktop-swipe=\"true\" data-settings=\"\"><div class=\"swiper-wrapper\"><div class=\"swiper-slide\" data-bg-alignment=\"center\" data-color-scheme=\"light\" data-x-pos=\"centered\" data-y-pos=\"middle\"><div class=\"image-bg\" style=\"background-image: url(https:\/\/www.kruispuntengineering.nl\/wp-content\/uploads\/2013\/06\/beeld-5-2.jpg);\">  &nbsp; <\/div><span class=\"ie-fix\"><\/span> <\/div><!--\/swiper-slide--><div class=\"swiper-slide\" data-bg-alignment=\"center\" data-color-scheme=\"light\" data-x-pos=\"centered\" data-y-pos=\"middle\"><div class=\"image-bg\" style=\"background-image: url();\">  &nbsp; <\/div><span class=\"ie-fix\"><\/span> <\/div><!--\/swiper-slide--><div class=\"swiper-slide\" data-bg-alignment=\"center\" data-color-scheme=\"light\" data-x-pos=\"centered\" data-y-pos=\"middle\"><div class=\"image-bg\" style=\"background-image: url(https:\/\/www.kruispuntengineering.nl\/wp-content\/uploads\/2013\/06\/Kruispuntproject-1.jpg);\">  &nbsp; <\/div><span class=\"ie-fix\"><\/span> <\/div><!--\/swiper-slide--><div class=\"swiper-slide\" data-bg-alignment=\"center\" data-color-scheme=\"light\" data-x-pos=\"centered\" data-y-pos=\"middle\"><div class=\"image-bg\" style=\"background-image: url(https:\/\/www.kruispuntengineering.nl\/wp-content\/uploads\/2013\/06\/Kruispuntproject3.jpg);\">  &nbsp; <\/div><span class=\"ie-fix\"><\/span> <\/div><!--\/swiper-slide--><\/div><a href=\"\" class=\"slider-prev\"><i class=\"icon-salient-left-arrow\"><\/i> <div class=\"slide-count\"> <span class=\"slide-current\">1<\/span> <i class=\"icon-salient-right-line\"><\/i> <span class=\"slide-total\"><\/span> <\/div> <\/a>\n\t\t\t     \t\t<a href=\"\" class=\"slider-next\"><i class=\"icon-salient-right-arrow\"><\/i> <div class=\"slide-count\"> <span class=\"slide-current\">1<\/span> <i class=\"icon-salient-right-line\"><\/i> <span class=\"slide-total\"><\/span> <\/div> <\/a><div class=\"nectar-slider-loading\"><\/div><\/div><\/div><\/div>\n\t\t<\/div> \n\t<\/div> \n\t\t\t<\/div> \n\t\t<\/div>\n\t<\/div> \n\n\t<div  class=\"vc_col-sm-6 wpb_column column_container vc_column_container col no-extra-padding inherit_tablet inherit_phone\"  data-padding-pos=\"all\" data-has-bg-color=\"false\" data-bg-color=\"\" data-bg-opacity=\"1\" data-animation=\"\" data-delay=\"0\" >\n\t\t<div class=\"vc_column-inner\" >\n\t\t\t<div class=\"wpb_wrapper\">\n\t\t\t\t\n\t<div class=\"wpb_gallery wpb_content_element clearfix\">\n\t\t<div class=\"wpb_wrapper\"><div class=\"wpb_gallery_slidesnectarslider_style\" data-onclick=\"link_no\" data-interval=\"5\"><div class=\"nectar-slider-wrap\" style=\"height: 400px\" data-image-rendering=\"default\" data-flexible-height=\"\" data-overall_style=\"classic\" data-button-styling=\"btn_with_count\" data-fullscreen=\"false\"  data-full-width=\"false\" data-parallax=\"false\" data-autorotate=\"5500\" id=\"ns-id-69f4f309ecec0\"><div class=\"swiper-container\" style=\"height: 400px\" data-loop=\"true\" data-height=\"400\" data-bullets=\"\" data-bullet_style=\"see_through\" data-arrows=\"true\" data-desktop-swipe=\"true\" data-settings=\"\"><div class=\"swiper-wrapper\"><div class=\"swiper-slide\" data-bg-alignment=\"center\" data-color-scheme=\"light\" data-x-pos=\"centered\" data-y-pos=\"middle\"><div class=\"image-bg\" style=\"background-image: url(https:\/\/www.kruispuntengineering.nl\/wp-content\/uploads\/2013\/06\/Kruispuntproject3.jpg);\">  &nbsp; <\/div><span class=\"ie-fix\"><\/span> <\/div><!--\/swiper-slide--><div class=\"swiper-slide\" data-bg-alignment=\"center\" data-color-scheme=\"light\" data-x-pos=\"centered\" data-y-pos=\"middle\"><div class=\"image-bg\" style=\"background-image: url(https:\/\/www.kruispuntengineering.nl\/wp-content\/uploads\/2013\/06\/Ventielen-1.jpg);\">  &nbsp; <\/div><span class=\"ie-fix\"><\/span> <\/div><!--\/swiper-slide--><div class=\"swiper-slide\" data-bg-alignment=\"center\" data-color-scheme=\"light\" data-x-pos=\"centered\" data-y-pos=\"middle\"><div class=\"image-bg\" style=\"background-image: url(https:\/\/www.kruispuntengineering.nl\/wp-content\/uploads\/2013\/06\/IMG_1926.jpg);\">  &nbsp; <\/div><span class=\"ie-fix\"><\/span> <\/div><!--\/swiper-slide--><div class=\"swiper-slide\" data-bg-alignment=\"center\" data-color-scheme=\"light\" data-x-pos=\"centered\" data-y-pos=\"middle\"><div class=\"image-bg\" style=\"background-image: url(https:\/\/www.kruispuntengineering.nl\/wp-content\/uploads\/2013\/06\/IMG_9364-kopie-2.jpg);\">  &nbsp; <\/div><span class=\"ie-fix\"><\/span> <\/div><!--\/swiper-slide--><\/div><a href=\"\" class=\"slider-prev\"><i class=\"icon-salient-left-arrow\"><\/i> <div class=\"slide-count\"> <span class=\"slide-current\">1<\/span> <i class=\"icon-salient-right-line\"><\/i> <span class=\"slide-total\"><\/span> <\/div> <\/a>\n\t\t\t     \t\t<a href=\"\" class=\"slider-next\"><i class=\"icon-salient-right-arrow\"><\/i> <div class=\"slide-count\"> <span class=\"slide-current\">1<\/span> <i class=\"icon-salient-right-line\"><\/i> <span class=\"slide-total\"><\/span> <\/div> <\/a><div class=\"nectar-slider-loading\"><\/div><\/div><\/div><\/div>\n\t\t<\/div> \n\t<\/div> \n\t\t\t<\/div> \n\t\t<\/div>\n\t<\/div> \n<\/div><\/div>\n\t\t<div id=\"solliciteer\"  data-column-margin=\"default\" data-midnight=\"dark\"  class=\"wpb_row vc_row-fluid vc_row\"  style=\"padding-top: 100px; padding-bottom: 100px; \"><div class=\"row-bg-wrap\" data-bg-animation=\"none\" data-bg-animation-delay=\"\" data-bg-overlay=\"false\"><div class=\"inner-wrap row-bg-layer\" ><div class=\"row-bg viewport-desktop\"  style=\"\"><\/div><\/div><\/div><div class=\"row_col_wrap_12 col span_12 dark left\">\n\t<div  class=\"vc_col-sm-6 wpb_column column_container vc_column_container col no-extra-padding inherit_tablet inherit_phone\"  data-padding-pos=\"all\" data-has-bg-color=\"false\" data-bg-color=\"\" data-bg-opacity=\"1\" data-animation=\"\" data-delay=\"0\" >\n\t\t<div class=\"vc_column-inner\" >\n\t\t\t<div class=\"wpb_wrapper\">\n\t\t\t\t\n<div class=\"wpb_text_column wpb_content_element\" >\n\t<h2>Solliciteer<\/h2>\n<p>Voor meer informatie over deze vacature kunt je vrijblijvend contact opnemen met de contactpersoon Teun Thyssen.<\/p>\n<p><b>T<\/b>\u00a0 +31(0)6 422 727 29<br \/>\n<strong>E\u00a0 <\/strong>teun.thyssen@kruispuntengineering.nl<\/p>\n<p>Grotestraat 110 (Visiting address)<br \/>\nGrotestraat 114\u00a0 \u00a0 \u00a0(Postadres)<br \/>\n5431 DM Cuijk<\/p>\n<\/div>\n\n\n\n\n\t\t\t<\/div> \n\t\t<\/div>\n\t<\/div> \n\n\t<div style=\"margin-top: 48px; \" class=\"vc_col-sm-6 wpb_column column_container vc_column_container col no-extra-padding inherit_tablet inherit_phone\"  data-padding-pos=\"all\" data-has-bg-color=\"false\" data-bg-color=\"\" data-bg-opacity=\"1\" data-animation=\"\" data-delay=\"0\" >\n\t\t<div class=\"vc_column-inner\" >\n\t\t\t<div class=\"wpb_wrapper\">\n\t\t\t\t\n<div class=\"wpcf7 no-js\" id=\"wpcf7-f6585-o1\" lang=\"en-US\" dir=\"ltr\" data-wpcf7-id=\"6585\">\n<div class=\"screen-reader-response\"><p role=\"status\" aria-live=\"polite\" aria-atomic=\"true\"><\/p> <ul><\/ul><\/div>\n<form action=\"\/en\/wp-json\/wp\/v2\/pages\/10921#wpcf7-f6585-o1\" method=\"post\" class=\"wpcf7-form init\" aria-label=\"Contact form\" enctype=\"multipart\/form-data\" novalidate=\"novalidate\" data-status=\"init\" data-trp-original-action=\"\/en\/wp-json\/wp\/v2\/pages\/10921#wpcf7-f6585-o1\">\n<fieldset class=\"hidden-fields-container\"><input type=\"hidden\" name=\"_wpcf7\" value=\"6585\" \/><input type=\"hidden\" name=\"_wpcf7_version\" value=\"6.1.5\" \/><input type=\"hidden\" name=\"_wpcf7_locale\" value=\"en_US\" \/><input type=\"hidden\" name=\"_wpcf7_unit_tag\" value=\"wpcf7-f6585-o1\" \/><input type=\"hidden\" name=\"_wpcf7_container_post\" value=\"0\" \/><input type=\"hidden\" name=\"_wpcf7_posted_data_hash\" value=\"\" \/><input type=\"hidden\" name=\"_wpcf7_recaptcha_response\" value=\"\" \/>\n<\/fieldset>\n<div class=\"row\">\n\t<div class=\"col span_6\">\n\t\t<p><br \/>\nName\n\t\t<\/p>\n\t\t<p><span class=\"wpcf7-form-control-wrap\" data-name=\"your-name\"><input size=\"40\" maxlength=\"400\" class=\"wpcf7-form-control wpcf7-text wpcf7-validates-as-required\" aria-required=\"true\" aria-invalid=\"false\" value=\"\" type=\"text\" name=\"your-name\" \/><\/span>\n\t\t<\/p>\n\t<\/div>\n\t<div class=\"col span_6\">\n\t\t<p><br \/>\nE-mail\n\t\t<\/p>\n\t\t<p><span class=\"wpcf7-form-control-wrap\" data-name=\"your-email\"><input size=\"40\" maxlength=\"400\" class=\"wpcf7-form-control wpcf7-email wpcf7-validates-as-required wpcf7-text wpcf7-validates-as-email\" aria-required=\"true\" aria-invalid=\"false\" value=\"\" type=\"email\" name=\"your-email\" \/><\/span>\n\t\t<\/p>\n\t<\/div>\n<\/div>\n<div class=\"row\">\n\t<div class=\"col span_6\">\n\t\t<p><br \/>\nTelefoonnummer\n\t\t<\/p>\n\t\t<p><span class=\"wpcf7-form-control-wrap\" data-name=\"your-phone\"><input size=\"40\" maxlength=\"400\" class=\"wpcf7-form-control wpcf7-text wpcf7-validates-as-required\" aria-required=\"true\" aria-invalid=\"false\" value=\"\" type=\"text\" name=\"your-phone\" \/><\/span>\n\t\t<\/p>\n\t<\/div>\n\t<div class=\"col span_6\">\n\t\t<p><br \/>\nCV\n\t\t<\/p>\n\t\t<p><span class=\"wpcf7-form-control-wrap\" data-name=\"cv\"><input size=\"40\" class=\"wpcf7-form-control wpcf7-file\" accept=\".doc,.docx,.pdf\" aria-invalid=\"false\" type=\"file\" name=\"cv\" \/><\/span>\n\t\t<\/p>\n\t<\/div>\n<\/div>\n<p>Message\n<\/p>\n<p><span class=\"wpcf7-form-control-wrap\" data-name=\"your-message\"><textarea cols=\"40\" rows=\"10\" maxlength=\"2000\" class=\"wpcf7-form-control wpcf7-textarea\" aria-invalid=\"false\" name=\"your-message\"><\/textarea><\/span>\n<\/p>\n<p><input class=\"wpcf7-form-control wpcf7-submit has-spinner\" type=\"submit\" value=\"Send\" \/>\n<\/p><div class=\"wpcf7-response-output\" aria-hidden=\"true\"><\/div>\n<input type=\"hidden\" name=\"trp-form-language\" value=\"en\"\/><\/form>\n<\/div>\n\n\t\t\t<\/div> \n\t\t<\/div>\n\t<\/div> \n<\/div><\/div>","protected":false},"excerpt":{"rendered":"Vacature elektrotechnisch ingenieur bij Kruispunt Engineering Ben jij een elektrotechnisch ingenieur op zoek naar een nieuwe uitdaging? Bij Kruispunt Engineering bieden we een unieke kans om te werken aan uitdagende...","protected":false},"author":9,"featured_media":0,"parent":6835,"menu_order":0,"comment_status":"open","ping_status":"closed","template":"","meta":{"_analytify_skip_tracking":false,"footnotes":""},"class_list":["post-10921","page","type-page","status-publish"],"yoast_head":"<!-- This site is optimized with the Yoast SEO Premium plugin v22.5 (Yoast SEO v27.5) - https:\/\/yoast.com\/product\/yoast-seo-premium-wordpress\/ -->\n<title>- Vacature elektrotechnisch ingenieur - Kruispunt Engineering<\/title>\n<meta name=\"robots\" content=\"index, follow, max-snippet:-1, max-image-preview:large, max-video-preview:-1\" \/>\n<link rel=\"canonical\" href=\"https:\/\/www.kruispuntengineering.nl\/en\/werken-bij\/vacature-elektrotechnisch-ingenieur\/\" \/>\n<meta property=\"og:locale\" content=\"en_GB\" \/>\n<meta property=\"og:type\" content=\"article\" \/>\n<meta property=\"og:title\" content=\"- Vacature elektrotechnisch ingenieur\" \/>\n<meta property=\"og:url\" content=\"https:\/\/www.kruispuntengineering.nl\/en\/werken-bij\/vacature-elektrotechnisch-ingenieur\/\" \/>\n<meta property=\"og:site_name\" content=\"Kruispunt Engineering\" \/>\n<meta property=\"article:publisher\" content=\"https:\/\/www.facebook.com\/p\/Kruispunt-Engineering-100067657544508\/\" \/>\n<meta property=\"article:modified_time\" content=\"2026-04-09T13:44:16+00:00\" \/>\n<meta name=\"twitter:card\" content=\"summary_large_image\" \/>\n<meta name=\"twitter:label1\" content=\"Estimated reading time\" \/>\n\t<meta name=\"twitter:data1\" content=\"5 minutes\" \/>\n<script type=\"application\/ld+json\" class=\"yoast-schema-graph\">{\"@context\":\"https:\\\/\\\/schema.org\",\"@graph\":[{\"@type\":\"WebPage\",\"@id\":\"https:\\\/\\\/www.kruispuntengineering.nl\\\/werken-bij\\\/vacature-elektrotechnisch-ingenieur\\\/\",\"url\":\"https:\\\/\\\/www.kruispuntengineering.nl\\\/werken-bij\\\/vacature-elektrotechnisch-ingenieur\\\/\",\"name\":\"- Vacature elektrotechnisch ingenieur - Kruispunt Engineering\",\"isPartOf\":{\"@id\":\"https:\\\/\\\/www.kruispuntengineering.nl\\\/#website\"},\"datePublished\":\"2024-10-10T01:13:45+00:00\",\"dateModified\":\"2026-04-09T13:44:16+00:00\",\"breadcrumb\":{\"@id\":\"https:\\\/\\\/www.kruispuntengineering.nl\\\/werken-bij\\\/vacature-elektrotechnisch-ingenieur\\\/#breadcrumb\"},\"inLanguage\":\"en-GB\",\"potentialAction\":[{\"@type\":\"ReadAction\",\"target\":[\"https:\\\/\\\/www.kruispuntengineering.nl\\\/werken-bij\\\/vacature-elektrotechnisch-ingenieur\\\/\"]}]},{\"@type\":\"BreadcrumbList\",\"@id\":\"https:\\\/\\\/www.kruispuntengineering.nl\\\/werken-bij\\\/vacature-elektrotechnisch-ingenieur\\\/#breadcrumb\",\"itemListElement\":[{\"@type\":\"ListItem\",\"position\":1,\"name\":\"Home\",\"item\":\"https:\\\/\\\/www.kruispuntengineering.nl\\\/\"},{\"@type\":\"ListItem\",\"position\":2,\"name\":\"Werken bij\",\"item\":\"https:\\\/\\\/www.kruispuntengineering.nl\\\/werken-bij\\\/\"},{\"@type\":\"ListItem\",\"position\":3,\"name\":\"&#8211; Vacature elektrotechnisch ingenieur\"}]},{\"@type\":\"WebSite\",\"@id\":\"https:\\\/\\\/www.kruispuntengineering.nl\\\/#website\",\"url\":\"https:\\\/\\\/www.kruispuntengineering.nl\\\/\",\"name\":\"Kruispunt Engineering\",\"description\":\"Engineering\",\"potentialAction\":[{\"@type\":\"SearchAction\",\"target\":{\"@type\":\"EntryPoint\",\"urlTemplate\":\"https:\\\/\\\/www.kruispuntengineering.nl\\\/?s={search_term_string}\"},\"query-input\":{\"@type\":\"PropertyValueSpecification\",\"valueRequired\":true,\"valueName\":\"search_term_string\"}}],\"inLanguage\":\"en-GB\"}]}<\/script>\n<!-- \/ Yoast SEO Premium plugin. -->","yoast_head_json":{"title":"- Vacature elektrotechnisch ingenieur - Kruispunt Engineering","robots":{"index":"index","follow":"follow","max-snippet":"max-snippet:-1","max-image-preview":"max-image-preview:large","max-video-preview":"max-video-preview:-1"},"canonical":"https:\/\/www.kruispuntengineering.nl\/en\/werken-bij\/vacature-elektrotechnisch-ingenieur\/","og_locale":"en_GB","og_type":"article","og_title":"- Vacature elektrotechnisch ingenieur","og_url":"https:\/\/www.kruispuntengineering.nl\/en\/werken-bij\/vacature-elektrotechnisch-ingenieur\/","og_site_name":"Kruispunt Engineering","article_publisher":"https:\/\/www.facebook.com\/p\/Kruispunt-Engineering-100067657544508\/","article_modified_time":"2026-04-09T13:44:16+00:00","twitter_card":"summary_large_image","twitter_misc":{"Estimated reading time":"5 minutes"},"schema":{"@context":"https:\/\/schema.org","@graph":[{"@type":"WebPage","@id":"https:\/\/www.kruispuntengineering.nl\/werken-bij\/vacature-elektrotechnisch-ingenieur\/","url":"https:\/\/www.kruispuntengineering.nl\/werken-bij\/vacature-elektrotechnisch-ingenieur\/","name":"- Vacature elektrotechnisch ingenieur - Kruispunt Engineering","isPartOf":{"@id":"https:\/\/www.kruispuntengineering.nl\/#website"},"datePublished":"2024-10-10T01:13:45+00:00","dateModified":"2026-04-09T13:44:16+00:00","breadcrumb":{"@id":"https:\/\/www.kruispuntengineering.nl\/werken-bij\/vacature-elektrotechnisch-ingenieur\/#breadcrumb"},"inLanguage":"en-GB","potentialAction":[{"@type":"ReadAction","target":["https:\/\/www.kruispuntengineering.nl\/werken-bij\/vacature-elektrotechnisch-ingenieur\/"]}]},{"@type":"BreadcrumbList","@id":"https:\/\/www.kruispuntengineering.nl\/werken-bij\/vacature-elektrotechnisch-ingenieur\/#breadcrumb","itemListElement":[{"@type":"ListItem","position":1,"name":"Home","item":"https:\/\/www.kruispuntengineering.nl\/"},{"@type":"ListItem","position":2,"name":"Werken bij","item":"https:\/\/www.kruispuntengineering.nl\/werken-bij\/"},{"@type":"ListItem","position":3,"name":"&#8211; Vacature elektrotechnisch ingenieur"}]},{"@type":"WebSite","@id":"https:\/\/www.kruispuntengineering.nl\/#website","url":"https:\/\/www.kruispuntengineering.nl\/","name":"Kruispunt Engineering","description":"Engineering","potentialAction":[{"@type":"SearchAction","target":{"@type":"EntryPoint","urlTemplate":"https:\/\/www.kruispuntengineering.nl\/?s={search_term_string}"},"query-input":{"@type":"PropertyValueSpecification","valueRequired":true,"valueName":"search_term_string"}}],"inLanguage":"en-GB"}]}},"_links":{"self":[{"href":"https:\/\/www.kruispuntengineering.nl\/en\/wp-json\/wp\/v2\/pages\/10921","targetHints":{"allow":["GET"]}}],"collection":[{"href":"https:\/\/www.kruispuntengineering.nl\/en\/wp-json\/wp\/v2\/pages"}],"about":[{"href":"https:\/\/www.kruispuntengineering.nl\/en\/wp-json\/wp\/v2\/types\/page"}],"author":[{"embeddable":true,"href":"https:\/\/www.kruispuntengineering.nl\/en\/wp-json\/wp\/v2\/users\/9"}],"replies":[{"embeddable":true,"href":"https:\/\/www.kruispuntengineering.nl\/en\/wp-json\/wp\/v2\/comments?post=10921"}],"version-history":[{"count":4,"href":"https:\/\/www.kruispuntengineering.nl\/en\/wp-json\/wp\/v2\/pages\/10921\/revisions"}],"predecessor-version":[{"id":11926,"href":"https:\/\/www.kruispuntengineering.nl\/en\/wp-json\/wp\/v2\/pages\/10921\/revisions\/11926"}],"up":[{"embeddable":true,"href":"https:\/\/www.kruispuntengineering.nl\/en\/wp-json\/wp\/v2\/pages\/6835"}],"wp:attachment":[{"href":"https:\/\/www.kruispuntengineering.nl\/en\/wp-json\/wp\/v2\/media?parent=10921"}],"curies":[{"name":"wp","href":"https:\/\/api.w.org\/{rel}","templated":true}]}}